{"id":2194,"date":"2020-12-08T03:53:12","date_gmt":"2020-12-08T03:53:12","guid":{"rendered":"https:\/\/montenegrohiking.com\/ueber\/"},"modified":"2023-12-06T19:35:38","modified_gmt":"2023-12-06T19:35:38","slug":"ueber","status":"publish","type":"page","link":"https:\/\/montenegrohiking.com\/de\/ueber\/","title":{"rendered":"\u00dcber mich"},"content":{"rendered":"\t\t<div data-elementor-type=\"wp-page\" data-elementor-id=\"2194\" class=\"elementor elementor-2194 elementor-1071\" data-elementor-post-type=\"page\">\n\t\t\t\t\t\t<section data-particle_enable=\"false\" data-particle-mobile-disabled=\"false\" class=\"elementor-section elementor-top-section elementor-element elementor-element-027b947 elementor-section-full_width elementor-section-height-default elementor-section-height-default row-top\" data-id=\"027b947\" data-element_type=\"section\" data-e-type=\"section\" data-settings=\"{&quot;jet_parallax_layout_list&quot;:[]}\">\n\t\t\t\t\t\t<div class=\"elementor-container elementor-column-gap-default\">\n\t\t\t\t\t<div class=\"elementor-column elementor-col-100 elementor-top-column elementor-element elementor-element-d0bf791\" data-id=\"d0bf791\" data-element_type=\"column\" data-e-type=\"column\">\n\t\t\t<div class=\"elementor-widget-wrap elementor-element-populated\">\n\t\t\t\t\t\t<div class=\"elementor-element elementor-element-41e2072 elementor-widget elementor-widget-gva_post_breadcrumb\" data-id=\"41e2072\" data-element_type=\"widget\" data-e-type=\"widget\" data-widget_type=\"gva_post_breadcrumb.default\">\n\t\t\t\t<div class=\"elementor-widget-container\">\n\t\t\t\t\t<div class=\"gva-element-gva_post_breadcrumb gva-element\">   \r\n<div class=\"post-breadcrumb\">\r\n   <div class=\"custom-breadcrumb \" >\r\n               <div class=\"breadcrumb-overlay\" style=\"\"><\/div>\r\n            <div class=\"breadcrumb-main\">\r\n        <div class=\"container\">\r\n          <div class=\"breadcrumb-container-inner\">\r\n            <h2 class=\"heading-title\">\u00dcber mich<\/h2><ol class=\"breadcrumb\"><li><a href=\"https:\/\/montenegrohiking.com\/de\/\">Home<\/a> <\/li> <li class=\"active\">Seite<\/li><\/ol>          <\/div>  \r\n        <\/div>   \r\n      <\/div>  \r\n   <\/div>\r\n<\/div>      \r\n\r\n<\/div>\t\t\t\t<\/div>\n\t\t\t\t<\/div>\n\t\t\t\t\t<\/div>\n\t\t<\/div>\n\t\t\t\t\t<\/div>\n\t\t<\/section>\n\t\t\t\t<section data-particle_enable=\"false\" data-particle-mobile-disabled=\"false\" class=\"elementor-section elementor-top-section elementor-element elementor-element-cfe9709 elementor-section-boxed elementor-section-height-default elementor-section-height-default row-top\" data-id=\"cfe9709\" data-element_type=\"section\" data-e-type=\"section\" data-settings=\"{&quot;jet_parallax_layout_list&quot;:[]}\">\n\t\t\t\t\t\t<div class=\"elementor-container elementor-column-gap-default\">\n\t\t\t\t\t<div class=\"elementor-column elementor-col-50 elementor-top-column elementor-element elementor-element-bdc7059\" data-id=\"bdc7059\" data-element_type=\"column\" data-e-type=\"column\">\n\t\t\t<div class=\"elementor-widget-wrap elementor-element-populated\">\n\t\t\t\t\t\t<div class=\"elementor-element elementor-element-be60f00 elementor-widget elementor-widget-image\" data-id=\"be60f00\" data-element_type=\"widget\" data-e-type=\"widget\" data-widget_type=\"image.default\">\n\t\t\t\t<div class=\"elementor-widget-container\">\n\t\t\t\t\t\t\t\t\t\t\t\t\t\t\t<img fetchpriority=\"high\" decoding=\"async\" width=\"595\" height=\"596\" src=\"https:\/\/montenegrohiking.com\/wp-content\/uploads\/2022\/11\/photo-me.webp\" class=\"attachment-full size-full wp-image-2098\" alt=\"\" srcset=\"https:\/\/montenegrohiking.com\/wp-content\/uploads\/2022\/11\/photo-me.webp 595w, https:\/\/montenegrohiking.com\/wp-content\/uploads\/2022\/11\/photo-me-180x180.webp 180w\" sizes=\"(max-width: 595px) 100vw, 595px\" \/>\t\t\t\t\t\t\t\t\t\t\t\t\t\t\t<\/div>\n\t\t\t\t<\/div>\n\t\t\t\t\t<\/div>\n\t\t<\/div>\n\t\t\t\t<div class=\"elementor-column elementor-col-50 elementor-top-column elementor-element elementor-element-b600727\" data-id=\"b600727\" data-element_type=\"column\" data-e-type=\"column\">\n\t\t\t<div class=\"elementor-widget-wrap elementor-element-populated\">\n\t\t\t\t\t\t<div class=\"elementor-element elementor-element-3ce9dddb elementor-widget elementor-widget-gva-heading-block\" data-id=\"3ce9dddb\" data-element_type=\"widget\" data-e-type=\"widget\" data-widget_type=\"gva-heading-block.default\">\n\t\t\t\t<div class=\"elementor-widget-container\">\n\t\t\t\t\t<div class=\"gva-element-gva-heading-block gva-element\">   <div class=\"align-left style-1 widget gsc-heading box-align-left auto-responsive\">\r\n      <div class=\"content-inner\">\r\n         \r\n                  \r\n           \r\n         \r\n                     <h2 class=\"title\">\r\n               <span>\u00dcber mich<\/span>\r\n            <\/h2>\r\n                              <div class=\"title-desc\">Ich heisse Alex. Ich bin ein Reiseagent mit Sitz in Deutschland. Ich bin vor 10 Jahren zum ersten Mal nach Montenegro gekommen und habe mich als Outdoor-Enthusiast auf den ersten Blick in das Land verliebt. Ich will Ihnen die wahre Sch\u00f6nheit Montenegros zeigen. Aus diesem Grund arbeite ich nur mit den Besten zusammen: Engagierte, umweltbewusste und erfahrene lokale Reiseveranstalter, die ihr Heimatland Montenegro lieben und es wie ihre Westentasche kennen. Wir sch\u00e4tzen die wilde und sch\u00f6ne Natur Montenegros sowie sein historisches Erbe und m\u00f6chten es mit Ihnen teilen.<\/div>\r\n         \r\n         \r\n      <\/div>\r\n   <\/div>\r\n<\/div>\t\t\t\t<\/div>\n\t\t\t\t<\/div>\n\t\t\t\t<div class=\"elementor-element elementor-element-b713a8d elementor-widget elementor-widget-html\" data-id=\"b713a8d\" data-element_type=\"widget\" data-e-type=\"widget\" data-widget_type=\"html.default\">\n\t\t\t\t<div class=\"elementor-widget-container\">\n\t\t\t\t\t\n          <div class=\"list-button\">\n    <a href=\"https:\/\/montenegrohiking.com\/de\/unsere-touren\/\">\n      \n Unsere Touren\n    <\/a>\n   \n<\/div>\n        \t\t\t\t<\/div>\n\t\t\t\t<\/div>\n\t\t\t\t\t<\/div>\n\t\t<\/div>\n\t\t\t\t\t<\/div>\n\t\t<\/section>\n\t\t\t\t<\/div>\n\t\t","protected":false},"excerpt":{"rendered":"<p>\u00dcber mich Home Revision \u00dcber mich Ich heisse Alex. Ich bin ein Reiseagent mit Sitz in Deutschland. Ich bin vor 10 Jahren zum ersten Mal nach Montenegro gekommen und habe mich als Outdoor-Enthusiast auf den ersten Blick in das Land verliebt. Ich will Ihnen die wahre Sch\u00f6nheit Montenegros zeigen. Aus diesem Grund arbeite ich nur [&hellip;]<\/p>\n","protected":false},"author":2,"featured_media":0,"parent":0,"menu_order":0,"comment_status":"closed","ping_status":"closed","template":"","meta":{"_acf_changed":false,"footnotes":""},"class_list":["post-2194","page","type-page","status-publish","hentry"],"acf":[],"yoast_head":"<!-- This site is optimized with the Yoast SEO plugin v27.3 - https:\/\/yoast.com\/product\/yoast-seo-wordpress\/ -->\n<title>\u00dcber Alex | Montenegro Wandern<\/title>\n<meta name=\"description\" content=\"Alex ist ein in Deutschland ans\u00e4ssiger Reiseveranstalter, der sich vor einem Jahrzehnt in die nat\u00fcrliche Sch\u00f6nheit Montenegros verliebt hat. Erfahren Sie mehr \u00fcber Alex.\" \/>\n<meta name=\"robots\" content=\"index, follow, max-snippet:-1, max-image-preview:large, max-video-preview:-1\" \/>\n<link rel=\"canonical\" href=\"https:\/\/montenegrohiking.com\/de\/ueber\/\" \/>\n<meta property=\"og:locale\" content=\"de_DE\" \/>\n<meta property=\"og:type\" content=\"article\" \/>\n<meta property=\"og:title\" content=\"\u00dcber Alex | Montenegro Wandern\" \/>\n<meta property=\"og:description\" content=\"Alex ist ein in Deutschland ans\u00e4ssiger Reiseveranstalter, der sich vor einem Jahrzehnt in die nat\u00fcrliche Sch\u00f6nheit Montenegros verliebt hat. Erfahren Sie mehr \u00fcber Alex.\" \/>\n<meta property=\"og:url\" content=\"https:\/\/montenegrohiking.com\/de\/ueber\/\" \/>\n<meta property=\"og:site_name\" content=\"Montenegro Hiking\" \/>\n<meta property=\"article:publisher\" content=\"https:\/\/www.facebook.com\/montenegrohiking\" \/>\n<meta property=\"article:modified_time\" content=\"2023-12-06T19:35:38+00:00\" \/>\n<meta property=\"og:image\" content=\"https:\/\/montenegrohiking.com\/wp-content\/uploads\/2022\/11\/photo-me.webp\" \/>\n<meta name=\"twitter:card\" content=\"summary_large_image\" \/>\n<meta name=\"twitter:label1\" content=\"Gesch\u00e4tzte Lesezeit\" \/>\n\t<meta name=\"twitter:data1\" content=\"1\u00a0Minute\" \/>\n<script type=\"application\/ld+json\" class=\"yoast-schema-graph\">{\"@context\":\"https:\\\/\\\/schema.org\",\"@graph\":[{\"@type\":\"WebPage\",\"@id\":\"https:\\\/\\\/montenegrohiking.com\\\/de\\\/ueber\\\/\",\"url\":\"https:\\\/\\\/montenegrohiking.com\\\/de\\\/ueber\\\/\",\"name\":\"\u00dcber Alex | Montenegro Wandern\",\"isPartOf\":{\"@id\":\"https:\\\/\\\/montenegrohiking.com\\\/#website\"},\"primaryImageOfPage\":{\"@id\":\"https:\\\/\\\/montenegrohiking.com\\\/de\\\/ueber\\\/#primaryimage\"},\"image\":{\"@id\":\"https:\\\/\\\/montenegrohiking.com\\\/de\\\/ueber\\\/#primaryimage\"},\"thumbnailUrl\":\"https:\\\/\\\/montenegrohiking.com\\\/wp-content\\\/uploads\\\/2022\\\/11\\\/photo-me.webp\",\"datePublished\":\"2020-12-08T03:53:12+00:00\",\"dateModified\":\"2023-12-06T19:35:38+00:00\",\"description\":\"Alex ist ein in Deutschland ans\u00e4ssiger Reiseveranstalter, der sich vor einem Jahrzehnt in die nat\u00fcrliche Sch\u00f6nheit Montenegros verliebt hat. Erfahren Sie mehr \u00fcber Alex.\",\"breadcrumb\":{\"@id\":\"https:\\\/\\\/montenegrohiking.com\\\/de\\\/ueber\\\/#breadcrumb\"},\"inLanguage\":\"de\",\"potentialAction\":[{\"@type\":\"ReadAction\",\"target\":[\"https:\\\/\\\/montenegrohiking.com\\\/de\\\/ueber\\\/\"]}]},{\"@type\":\"ImageObject\",\"inLanguage\":\"de\",\"@id\":\"https:\\\/\\\/montenegrohiking.com\\\/de\\\/ueber\\\/#primaryimage\",\"url\":\"https:\\\/\\\/montenegrohiking.com\\\/wp-content\\\/uploads\\\/2022\\\/11\\\/photo-me.webp\",\"contentUrl\":\"https:\\\/\\\/montenegrohiking.com\\\/wp-content\\\/uploads\\\/2022\\\/11\\\/photo-me.webp\"},{\"@type\":\"BreadcrumbList\",\"@id\":\"https:\\\/\\\/montenegrohiking.com\\\/de\\\/ueber\\\/#breadcrumb\",\"itemListElement\":[{\"@type\":\"ListItem\",\"position\":1,\"name\":\"Home\",\"item\":\"https:\\\/\\\/montenegrohiking.com\\\/de\\\/\"},{\"@type\":\"ListItem\",\"position\":2,\"name\":\"\u00dcber mich\"}]},{\"@type\":\"WebSite\",\"@id\":\"https:\\\/\\\/montenegrohiking.com\\\/#website\",\"url\":\"https:\\\/\\\/montenegrohiking.com\\\/\",\"name\":\"Montenegro Hiking\",\"description\":\"Balkan Hiking Adventurers\",\"publisher\":{\"@id\":\"https:\\\/\\\/montenegrohiking.com\\\/#organization\"},\"potentialAction\":[{\"@type\":\"SearchAction\",\"target\":{\"@type\":\"EntryPoint\",\"urlTemplate\":\"https:\\\/\\\/montenegrohiking.com\\\/?s={search_term_string}\"},\"query-input\":{\"@type\":\"PropertyValueSpecification\",\"valueRequired\":true,\"valueName\":\"search_term_string\"}}],\"inLanguage\":\"de\"},{\"@type\":\"Organization\",\"@id\":\"https:\\\/\\\/montenegrohiking.com\\\/#organization\",\"name\":\"Montenegro Hiking\",\"url\":\"https:\\\/\\\/montenegrohiking.com\\\/\",\"logo\":{\"@type\":\"ImageObject\",\"inLanguage\":\"de\",\"@id\":\"https:\\\/\\\/montenegrohiking.com\\\/#\\\/schema\\\/logo\\\/image\\\/\",\"url\":\"https:\\\/\\\/montenegrohiking.com\\\/wp-content\\\/uploads\\\/2021\\\/08\\\/cropped-cropped-logo-test-1.png\",\"contentUrl\":\"https:\\\/\\\/montenegrohiking.com\\\/wp-content\\\/uploads\\\/2021\\\/08\\\/cropped-cropped-logo-test-1.png\",\"width\":512,\"height\":512,\"caption\":\"Montenegro Hiking\"},\"image\":{\"@id\":\"https:\\\/\\\/montenegrohiking.com\\\/#\\\/schema\\\/logo\\\/image\\\/\"},\"sameAs\":[\"https:\\\/\\\/www.facebook.com\\\/montenegrohiking\",\"https:\\\/\\\/www.instagram.com\\\/montenegrohiking\\\/\"]}]}<\/script>\n<!-- \/ Yoast SEO plugin. -->","yoast_head_json":{"title":"\u00dcber Alex | Montenegro Wandern","description":"Alex ist ein in Deutschland ans\u00e4ssiger Reiseveranstalter, der sich vor einem Jahrzehnt in die nat\u00fcrliche Sch\u00f6nheit Montenegros verliebt hat. Erfahren Sie mehr \u00fcber Alex.","robots":{"index":"index","follow":"follow","max-snippet":"max-snippet:-1","max-image-preview":"max-image-preview:large","max-video-preview":"max-video-preview:-1"},"canonical":"https:\/\/montenegrohiking.com\/de\/ueber\/","og_locale":"de_DE","og_type":"article","og_title":"\u00dcber Alex | Montenegro Wandern","og_description":"Alex ist ein in Deutschland ans\u00e4ssiger Reiseveranstalter, der sich vor einem Jahrzehnt in die nat\u00fcrliche Sch\u00f6nheit Montenegros verliebt hat. Erfahren Sie mehr \u00fcber Alex.","og_url":"https:\/\/montenegrohiking.com\/de\/ueber\/","og_site_name":"Montenegro Hiking","article_publisher":"https:\/\/www.facebook.com\/montenegrohiking","article_modified_time":"2023-12-06T19:35:38+00:00","og_image":[{"url":"https:\/\/montenegrohiking.com\/wp-content\/uploads\/2022\/11\/photo-me.webp","type":"","width":"","height":""}],"twitter_card":"summary_large_image","twitter_misc":{"Gesch\u00e4tzte Lesezeit":"1\u00a0Minute"},"schema":{"@context":"https:\/\/schema.org","@graph":[{"@type":"WebPage","@id":"https:\/\/montenegrohiking.com\/de\/ueber\/","url":"https:\/\/montenegrohiking.com\/de\/ueber\/","name":"\u00dcber Alex | Montenegro Wandern","isPartOf":{"@id":"https:\/\/montenegrohiking.com\/#website"},"primaryImageOfPage":{"@id":"https:\/\/montenegrohiking.com\/de\/ueber\/#primaryimage"},"image":{"@id":"https:\/\/montenegrohiking.com\/de\/ueber\/#primaryimage"},"thumbnailUrl":"https:\/\/montenegrohiking.com\/wp-content\/uploads\/2022\/11\/photo-me.webp","datePublished":"2020-12-08T03:53:12+00:00","dateModified":"2023-12-06T19:35:38+00:00","description":"Alex ist ein in Deutschland ans\u00e4ssiger Reiseveranstalter, der sich vor einem Jahrzehnt in die nat\u00fcrliche Sch\u00f6nheit Montenegros verliebt hat. Erfahren Sie mehr \u00fcber Alex.","breadcrumb":{"@id":"https:\/\/montenegrohiking.com\/de\/ueber\/#breadcrumb"},"inLanguage":"de","potentialAction":[{"@type":"ReadAction","target":["https:\/\/montenegrohiking.com\/de\/ueber\/"]}]},{"@type":"ImageObject","inLanguage":"de","@id":"https:\/\/montenegrohiking.com\/de\/ueber\/#primaryimage","url":"https:\/\/montenegrohiking.com\/wp-content\/uploads\/2022\/11\/photo-me.webp","contentUrl":"https:\/\/montenegrohiking.com\/wp-content\/uploads\/2022\/11\/photo-me.webp"},{"@type":"BreadcrumbList","@id":"https:\/\/montenegrohiking.com\/de\/ueber\/#breadcrumb","itemListElement":[{"@type":"ListItem","position":1,"name":"Home","item":"https:\/\/montenegrohiking.com\/de\/"},{"@type":"ListItem","position":2,"name":"\u00dcber mich"}]},{"@type":"WebSite","@id":"https:\/\/montenegrohiking.com\/#website","url":"https:\/\/montenegrohiking.com\/","name":"Montenegro Hiking","description":"Balkan Hiking Adventurers","publisher":{"@id":"https:\/\/montenegrohiking.com\/#organization"},"potentialAction":[{"@type":"SearchAction","target":{"@type":"EntryPoint","urlTemplate":"https:\/\/montenegrohiking.com\/?s={search_term_string}"},"query-input":{"@type":"PropertyValueSpecification","valueRequired":true,"valueName":"search_term_string"}}],"inLanguage":"de"},{"@type":"Organization","@id":"https:\/\/montenegrohiking.com\/#organization","name":"Montenegro Hiking","url":"https:\/\/montenegrohiking.com\/","logo":{"@type":"ImageObject","inLanguage":"de","@id":"https:\/\/montenegrohiking.com\/#\/schema\/logo\/image\/","url":"https:\/\/montenegrohiking.com\/wp-content\/uploads\/2021\/08\/cropped-cropped-logo-test-1.png","contentUrl":"https:\/\/montenegrohiking.com\/wp-content\/uploads\/2021\/08\/cropped-cropped-logo-test-1.png","width":512,"height":512,"caption":"Montenegro Hiking"},"image":{"@id":"https:\/\/montenegrohiking.com\/#\/schema\/logo\/image\/"},"sameAs":["https:\/\/www.facebook.com\/montenegrohiking","https:\/\/www.instagram.com\/montenegrohiking\/"]}]}},"jetpack_sharing_enabled":true,"_links":{"self":[{"href":"https:\/\/montenegrohiking.com\/de\/wp-json\/wp\/v2\/pages\/2194","targetHints":{"allow":["GET"]}}],"collection":[{"href":"https:\/\/montenegrohiking.com\/de\/wp-json\/wp\/v2\/pages"}],"about":[{"href":"https:\/\/montenegrohiking.com\/de\/wp-json\/wp\/v2\/types\/page"}],"author":[{"embeddable":true,"href":"https:\/\/montenegrohiking.com\/de\/wp-json\/wp\/v2\/users\/2"}],"replies":[{"embeddable":true,"href":"https:\/\/montenegrohiking.com\/de\/wp-json\/wp\/v2\/comments?post=2194"}],"version-history":[{"count":22,"href":"https:\/\/montenegrohiking.com\/de\/wp-json\/wp\/v2\/pages\/2194\/revisions"}],"predecessor-version":[{"id":3333,"href":"https:\/\/montenegrohiking.com\/de\/wp-json\/wp\/v2\/pages\/2194\/revisions\/3333"}],"wp:attachment":[{"href":"https:\/\/montenegrohiking.com\/de\/wp-json\/wp\/v2\/media?parent=2194"}],"curies":[{"name":"wp","href":"https:\/\/api.w.org\/{rel}","templated":true}]}}